{"id":5703,"date":"2024-12-05T15:17:36","date_gmt":"2024-12-05T14:17:36","guid":{"rendered":"https:\/\/www.rumeurpublique.fr\/mentions-legales\/"},"modified":"2025-10-20T10:57:51","modified_gmt":"2025-10-20T08:57:51","slug":"legal-notices","status":"publish","type":"page","link":"https:\/\/www.rumeurpublique.fr\/en\/legal-notices\/","title":{"rendered":"Legal notices"},"content":{"rendered":"<div  class=\"keblk keblk-v-align-top keblock-section-lame fullwidth is-padded   bg-none\"   style=\"\"  id=\"\">\r\n\t\r\n\t\t<div class=\"block-content\">\r\n                    \n<div  class=\"keblk keblk-v-align-top keblock-text \" >\r\n\t\r\n\t\t\r\n\t<div class=\"block-content\">\t\r\n        \t\n\n<h2 class=\"wp-block-heading style-4\">Personal data<\/h2>\n\n\n\n<p>The information collected on this site is for the exclusive use of Rumeur Publique. As specified in article 34 of the \u201cInformation Technology and Freedoms\u201d, you have the right to access, change, correct and delete data that relate to you. If you wish to exercise this right, you simply have to send an e-mail to:\u00a0<a href=\"mailto:contact@rumeurpublique.fr\">contact@rumeurpublique.fr<\/a><\/p>\n\n\n\n<h2 class=\"wp-block-heading style-4\">Reproduction of content<\/h2>\n\n\n\n<p>All the graphics, text, photos, illustrations and documents that can be downloaded and in general all the elements constituting the Rumeur Publique website are protected by French legislation on intellectual property. Any reproduction, even partial, of one of the elements forming the Rumeur Publique site, unless it is for private use, must be requested from Rumeur Publique by sending an e-mail to the following address:\u00a0<a href=\"mailto:contact@rumeurpublique.fr\">contact@rumeurpublique.fr<\/a><\/p>\n\n\n\n<h2 class=\"wp-block-heading style-4\">Responsibilities<\/h2>\n\n\n\n<p>The Rumeur Publique website may not be held responsible for use of the website or its contents that does not comply with current legislation.<br>This site may contain information supplied by external companies or hypertext links to other sites not managed by Rumeur Publique.<br>A link from Rumeur Publique to another site does not indicate validation of this website or its content.<br>Any published message in general remains the sole responsibility of its author.<\/p>\n\n\n\n<h2 class=\"wp-block-heading style-4\">Cookies<\/h2>\n\n\n\n<p>One or more cookies may be placed on the hard disk of Internet visitors to the site to help connection to the site, to manage accounts or to save settings.<br>There is no link made between these cookies and personal information that Rumeur Publique may hold.<\/p>\n\n\n\n<h2 class=\"wp-block-heading style-4\">Site hosted by OVH<\/h2>\n\n\n\n<p><a href=\"https:\/\/www.ovh.com\/fr\/\" target=\"_blank\" rel=\"noreferrer noopener\">www.ovh.com\/fr\/<\/a><\/p>\n\n\n\n<h2 class=\"wp-block-heading style-4\">Publications director<\/h2>\n\n\n\n<p>Jacques Armessen<\/p>\n\n\n\n<h2 class=\"wp-block-heading style-4\">Legal information<\/h2>\n\n\n\n<p>RUMEUR PUBLIQUE GROUP \u2013 Soci\u00e9t\u00e9 par actions simplifi\u00e9e au capital de&nbsp;2 796 629 euros \u2013 RCS : Bobigny B 789 936 655&nbsp;\u2013 Code APE : 7021Z<\/p>\n\n\n\n<h2 class=\"wp-block-heading style-4\">Contact<\/h2>\n\n\n\n<p>Rumeur Publique<br>Visitor access: 12 rue des C\u00e9r\u00e9ales \u2013 B\u00e2timent 127 \u2013 93210 Saint-Denis &#8211; France<br>Administrative address: 50 Avenue du Pr\u00e9sident Wilson \u2013 B\u00e2timent 127 \u2013 93210 Saint-Denis\u2028- France<br>Telephone: <a href=\"tel:+33155745200\">+33 (0)1 55 74 52 00<\/a> \u2028\u2013 E-mail\u00a0:\u00a0<a href=\"mailto:contact@rumeurpublique.fr\">contact@rumeurpublique.fr<\/a><br>\u00a0<br>Data protection officer: C\u00e9dric Buisson \u2013\u00a0<a href=\"mailto:dpo@rumeurpublique.fr\">dpo@rumeurpublique.fr<\/a><\/p>\n\n\r\n\t<\/div>\r\n<\/div>\r\n    \n        \t<\/div>\r\n<\/div>\r\n    ","protected":false},"excerpt":{"rendered":"","protected":false},"author":1,"featured_media":0,"parent":0,"menu_order":0,"comment_status":"closed","ping_status":"closed","template":"template-page-legal.php","meta":{"_acf_changed":false,"inline_featured_image":false,"_uag_custom_page_level_css":"","footnotes":""},"class_list":["post-5703","page","type-page","status-publish","hentry"],"acf":[],"yoast_head":"<!-- This site is optimized with the Yoast SEO plugin v27.5 - https:\/\/yoast.com\/product\/yoast-seo-wordpress\/ -->\n<title>Legal notices - Rumeur Publique<\/title>\n<meta name=\"robots\" content=\"index, follow, max-snippet:-1, max-image-preview:large, max-video-preview:-1\" \/>\n<link rel=\"canonical\" href=\"https:\/\/www.rumeurpublique.fr\/en\/legal-notices\/\" \/>\n<meta property=\"og:locale\" content=\"en_US\" \/>\n<meta property=\"og:type\" content=\"article\" \/>\n<meta property=\"og:title\" content=\"Legal notices - Rumeur Publique\" \/>\n<meta property=\"og:url\" content=\"https:\/\/www.rumeurpublique.fr\/en\/legal-notices\/\" \/>\n<meta property=\"og:site_name\" content=\"Rumeur Publique\" \/>\n<meta property=\"article:modified_time\" content=\"2025-10-20T08:57:51+00:00\" \/>\n<meta property=\"og:image\" content=\"https:\/\/www.rumeurpublique.fr\/wp-content\/uploads\/2025\/04\/rumeur-publique-share-1200x600-02.jpg\" \/>\n\t<meta property=\"og:image:width\" content=\"1200\" \/>\n\t<meta property=\"og:image:height\" content=\"600\" \/>\n\t<meta property=\"og:image:type\" content=\"image\/jpeg\" \/>\n<meta name=\"twitter:card\" content=\"summary_large_image\" \/>\n<meta name=\"twitter:label1\" content=\"Est. reading time\" \/>\n\t<meta name=\"twitter:data1\" content=\"2 minutes\" \/>\n<script type=\"application\/ld+json\" class=\"yoast-schema-graph\">{\"@context\":\"https:\\\/\\\/schema.org\",\"@graph\":[{\"@type\":\"WebPage\",\"@id\":\"https:\\\/\\\/www.rumeurpublique.fr\\\/en\\\/legal-notices\\\/\",\"url\":\"https:\\\/\\\/www.rumeurpublique.fr\\\/en\\\/legal-notices\\\/\",\"name\":\"Legal notices - Rumeur Publique\",\"isPartOf\":{\"@id\":\"https:\\\/\\\/www.rumeurpublique.fr\\\/en\\\/#website\"},\"datePublished\":\"2024-12-05T14:17:36+00:00\",\"dateModified\":\"2025-10-20T08:57:51+00:00\",\"breadcrumb\":{\"@id\":\"https:\\\/\\\/www.rumeurpublique.fr\\\/en\\\/legal-notices\\\/#breadcrumb\"},\"inLanguage\":\"en-US\",\"potentialAction\":[{\"@type\":\"ReadAction\",\"target\":[\"https:\\\/\\\/www.rumeurpublique.fr\\\/en\\\/legal-notices\\\/\"]}]},{\"@type\":\"BreadcrumbList\",\"@id\":\"https:\\\/\\\/www.rumeurpublique.fr\\\/en\\\/legal-notices\\\/#breadcrumb\",\"itemListElement\":[{\"@type\":\"ListItem\",\"position\":1,\"name\":\"Accueil\",\"item\":\"https:\\\/\\\/www.rumeurpublique.fr\\\/en\\\/\"},{\"@type\":\"ListItem\",\"position\":2,\"name\":\"Legal notices\"}]},{\"@type\":\"WebSite\",\"@id\":\"https:\\\/\\\/www.rumeurpublique.fr\\\/en\\\/#website\",\"url\":\"https:\\\/\\\/www.rumeurpublique.fr\\\/en\\\/\",\"name\":\"Rumeur Publique\",\"description\":\"\",\"publisher\":{\"@id\":\"https:\\\/\\\/www.rumeurpublique.fr\\\/en\\\/#organization\"},\"potentialAction\":[{\"@type\":\"SearchAction\",\"target\":{\"@type\":\"EntryPoint\",\"urlTemplate\":\"https:\\\/\\\/www.rumeurpublique.fr\\\/en\\\/?s={search_term_string}\"},\"query-input\":{\"@type\":\"PropertyValueSpecification\",\"valueRequired\":true,\"valueName\":\"search_term_string\"}}],\"inLanguage\":\"en-US\"},{\"@type\":\"Organization\",\"@id\":\"https:\\\/\\\/www.rumeurpublique.fr\\\/en\\\/#organization\",\"name\":\"Rumeur Publique\",\"url\":\"https:\\\/\\\/www.rumeurpublique.fr\\\/en\\\/\",\"logo\":{\"@type\":\"ImageObject\",\"inLanguage\":\"en-US\",\"@id\":\"https:\\\/\\\/www.rumeurpublique.fr\\\/en\\\/#\\\/schema\\\/logo\\\/image\\\/\",\"url\":\"http:\\\/\\\/www.rumeurpublique.fr\\\/wp-content\\\/uploads\\\/2024\\\/11\\\/logo-rp-picto.svg\",\"contentUrl\":\"http:\\\/\\\/www.rumeurpublique.fr\\\/wp-content\\\/uploads\\\/2024\\\/11\\\/logo-rp-picto.svg\",\"width\":1,\"height\":1,\"caption\":\"Rumeur Publique\"},\"image\":{\"@id\":\"https:\\\/\\\/www.rumeurpublique.fr\\\/en\\\/#\\\/schema\\\/logo\\\/image\\\/\"}}]}<\/script>\n<!-- \/ Yoast SEO plugin. -->","yoast_head_json":{"title":"Legal notices - Rumeur Publique","robots":{"index":"index","follow":"follow","max-snippet":"max-snippet:-1","max-image-preview":"max-image-preview:large","max-video-preview":"max-video-preview:-1"},"canonical":"https:\/\/www.rumeurpublique.fr\/en\/legal-notices\/","og_locale":"en_US","og_type":"article","og_title":"Legal notices - Rumeur Publique","og_url":"https:\/\/www.rumeurpublique.fr\/en\/legal-notices\/","og_site_name":"Rumeur Publique","article_modified_time":"2025-10-20T08:57:51+00:00","og_image":[{"width":1200,"height":600,"url":"https:\/\/www.rumeurpublique.fr\/wp-content\/uploads\/2025\/04\/rumeur-publique-share-1200x600-02.jpg","type":"image\/jpeg"}],"twitter_card":"summary_large_image","twitter_misc":{"Est. reading time":"2 minutes"},"schema":{"@context":"https:\/\/schema.org","@graph":[{"@type":"WebPage","@id":"https:\/\/www.rumeurpublique.fr\/en\/legal-notices\/","url":"https:\/\/www.rumeurpublique.fr\/en\/legal-notices\/","name":"Legal notices - Rumeur Publique","isPartOf":{"@id":"https:\/\/www.rumeurpublique.fr\/en\/#website"},"datePublished":"2024-12-05T14:17:36+00:00","dateModified":"2025-10-20T08:57:51+00:00","breadcrumb":{"@id":"https:\/\/www.rumeurpublique.fr\/en\/legal-notices\/#breadcrumb"},"inLanguage":"en-US","potentialAction":[{"@type":"ReadAction","target":["https:\/\/www.rumeurpublique.fr\/en\/legal-notices\/"]}]},{"@type":"BreadcrumbList","@id":"https:\/\/www.rumeurpublique.fr\/en\/legal-notices\/#breadcrumb","itemListElement":[{"@type":"ListItem","position":1,"name":"Accueil","item":"https:\/\/www.rumeurpublique.fr\/en\/"},{"@type":"ListItem","position":2,"name":"Legal notices"}]},{"@type":"WebSite","@id":"https:\/\/www.rumeurpublique.fr\/en\/#website","url":"https:\/\/www.rumeurpublique.fr\/en\/","name":"Rumeur Publique","description":"","publisher":{"@id":"https:\/\/www.rumeurpublique.fr\/en\/#organization"},"potentialAction":[{"@type":"SearchAction","target":{"@type":"EntryPoint","urlTemplate":"https:\/\/www.rumeurpublique.fr\/en\/?s={search_term_string}"},"query-input":{"@type":"PropertyValueSpecification","valueRequired":true,"valueName":"search_term_string"}}],"inLanguage":"en-US"},{"@type":"Organization","@id":"https:\/\/www.rumeurpublique.fr\/en\/#organization","name":"Rumeur Publique","url":"https:\/\/www.rumeurpublique.fr\/en\/","logo":{"@type":"ImageObject","inLanguage":"en-US","@id":"https:\/\/www.rumeurpublique.fr\/en\/#\/schema\/logo\/image\/","url":"http:\/\/www.rumeurpublique.fr\/wp-content\/uploads\/2024\/11\/logo-rp-picto.svg","contentUrl":"http:\/\/www.rumeurpublique.fr\/wp-content\/uploads\/2024\/11\/logo-rp-picto.svg","width":1,"height":1,"caption":"Rumeur Publique"},"image":{"@id":"https:\/\/www.rumeurpublique.fr\/en\/#\/schema\/logo\/image\/"}}]}},"uagb_featured_image_src":{"full":false,"thumbnail":false,"medium":false,"medium_large":false,"large":false,"1536x1536":false,"2048x2048":false},"uagb_author_info":{"display_name":"keblow","author_link":"https:\/\/www.rumeurpublique.fr\/en\/author\/keblow\/"},"uagb_comment_info":0,"uagb_excerpt":null,"_links":{"self":[{"href":"https:\/\/www.rumeurpublique.fr\/en\/wp-json\/wp\/v2\/pages\/5703","targetHints":{"allow":["GET"]}}],"collection":[{"href":"https:\/\/www.rumeurpublique.fr\/en\/wp-json\/wp\/v2\/pages"}],"about":[{"href":"https:\/\/www.rumeurpublique.fr\/en\/wp-json\/wp\/v2\/types\/page"}],"author":[{"embeddable":true,"href":"https:\/\/www.rumeurpublique.fr\/en\/wp-json\/wp\/v2\/users\/1"}],"replies":[{"embeddable":true,"href":"https:\/\/www.rumeurpublique.fr\/en\/wp-json\/wp\/v2\/comments?post=5703"}],"version-history":[{"count":1,"href":"https:\/\/www.rumeurpublique.fr\/en\/wp-json\/wp\/v2\/pages\/5703\/revisions"}],"predecessor-version":[{"id":5705,"href":"https:\/\/www.rumeurpublique.fr\/en\/wp-json\/wp\/v2\/pages\/5703\/revisions\/5705"}],"wp:attachment":[{"href":"https:\/\/www.rumeurpublique.fr\/en\/wp-json\/wp\/v2\/media?parent=5703"}],"curies":[{"name":"wp","href":"https:\/\/api.w.org\/{rel}","templated":true}]}}